{"id":4671,"date":"2025-01-22T15:56:05","date_gmt":"2025-01-22T15:56:05","guid":{"rendered":"https:\/\/kidsinternationalpreschool.com\/open-doors\/"},"modified":"2025-01-24T08:05:37","modified_gmt":"2025-01-24T08:05:37","slug":"open-doors","status":"publish","type":"page","link":"https:\/\/kidsinternationalpreschool.com\/en\/open-doors\/","title":{"rendered":"Open doors"},"content":{"rendered":"<p>[vc_row full_width=&#8221;stretch_row&#8221; css=&#8221;.vc_custom_1683729917953{background-image: url(https:\/\/kidsinternationalpreschool.com\/wp-content\/uploads\/2023\/05\/04-scaled-1.jpg?id=1979) !important;}&#8221;][vc_column css=&#8221;.vc_custom_1680022291273{padding-top: 40px !important;padding-right: 20px !important;padding-bottom: 40px !important;padding-left: 20px !important;}&#8221;][vc_row_inner][vc_column_inner offset=&#8221;vc_hidden-lg vc_hidden-md vc_hidden-sm&#8221;]<div style=\"background-color:;height: 150px\" class=\"nicdark_section  \"><\/div> <h2 style=\"color:#ffffff;padding:px;text-align:;font-size:28px;line-height:30px;letter-spacing: 0px;font-weight:bold\" class=\"  nd_options_text_align_left_responsive_important nd_options_first_font \">Open House Day<\/h2> <div style=\"background-color:;height: 10px\" class=\"nicdark_section  \"><\/div> <h2 style=\"color:#eaeaea;padding:px;text-align:;font-size:21px;line-height:25px;letter-spacing: 0px;font-weight:bold\" class=\"   nd_options_first_font \">20 de febrer, de 10h00 a 11h30<\/h2> <div style=\"background-color:;height: 10px\" class=\"nicdark_section  \"><\/div> <h2 style=\"color:#eaeaea;padding:px;text-align:;font-size:16px;line-height:24px;letter-spacing: 0px;font-weight:bold\" class=\"   nd_options_first_font \">Les jornades de portes obertes perqu\u00e8 puguis con\u00e8ixer Kids de primera m\u00e0.<\/h2> <div style=\"background-color:;height: 20px\" class=\"nicdark_section  \"><\/div>[\/vc_column_inner][\/vc_row_inner][vc_row_inner][vc_column_inner offset=&#8221;vc_hidden-xs&#8221;]<div style=\"background-color:;height: 150px\" class=\"nicdark_section  \"><\/div>[\/vc_column_inner][\/vc_row_inner][vc_row_inner][vc_column_inner width=&#8221;1\/2&#8243; offset=&#8221;vc_hidden-xs&#8221;] <h2 style=\"color:#ffffff;padding:px;text-align:;font-size:53px;line-height:60px;letter-spacing: 0px;font-weight:bold\" class=\"   nd_options_first_font \">Open House Day<\/h2> <div style=\"background-color:;height: 10px\" class=\"nicdark_section  \"><\/div> <h2 style=\"color:#eaeaea;padding:px;text-align:;font-size:32px;line-height:40px;letter-spacing: 0px;font-weight:bold\" class=\"   nd_options_first_font \">February 20th, from 10h00 to 11h30<\/h2> <div style=\"background-color:;height: 10px\" class=\"nicdark_section  \"><\/div> <h2 style=\"color:#eaeaea;padding:px;text-align:;font-size:25px;line-height:32px;letter-spacing: 0px;font-weight:bold\" class=\"   nd_options_first_font \">Open days so you can get to know Kids firsthand.<\/h2> <div style=\"background-color:;height: 20px\" class=\"nicdark_section  \"><\/div>[vc_single_image image=&#8221;4677&#8243; img_size=&#8221;full&#8221;][\/vc_column_inner][vc_column_inner width=&#8221;1\/2&#8243;]<div style=\"background-color:;height: 8px\" class=\"nicdark_section  \"><\/div>[vc_column_text el_class=&#8221;nd_options_text_align_left_responsive&#8221;]<\/p>\n<p style=\"font-weight: 400;\">KIDS International Preschool Andorra, pioneer in bilingual education in Andorra, is a school for children from 0 to 6 years old, accredited by the International Primary Curriculum (IPC), an educational program present in 62 countries and recognized for its quality and innovation.<\/p>\n<p>[\/vc_column_text]<div style=\"background-color:;height: 20px\" class=\"nicdark_section  \"><\/div> <h2 style=\"color:#ffffff;padding:px;text-align:;font-size:28px;line-height:40px;letter-spacing: 0px;font-weight:bold\" class=\"   nd_options_first_font \">Why choose an IPC school?<\/h2> <div style=\"background-color:;height: 10px\" class=\"nicdark_section  \"><\/div>[vc_column_text el_class=&#8221;nd_options_text_align_left_responsive&#8221;]<\/p>\n<p style=\"font-weight: 400;\">\u2728 Comprehensive education: resources such as workbooks and teaching activities for diverse and effective learning.<br \/>\n\u2728 High-level teaching training: Harvard-endorsed certification and access to professional development programs.<\/p>\n<p>[\/vc_column_text]<div style=\"background-color:;height: 50px\" class=\"nicdark_section  \"><\/div> <h3 style=\"color:#ffffff;padding:px;text-align:;font-size:28px;line-height:36px;letter-spacing: px;font-weight:bold\" class=\"   nd_options_first_font \">Registration<\/h3> <div style=\"background-color:;height: 15px\" class=\"nicdark_section  \"><\/div>[vc_column_text]<\/p>\n<p style=\"font-weight: 400;\">Find out why KIDS is unique! We invite you to the Open Day 2025! Come and learn about our educational project and see our day-to-day life and how we work with children from 0 to 6 years old.<\/p>\n<p style=\"font-weight: 400;\"><strong>Fill out this form to participate in the Open Day<\/strong><\/p>\n<p>[\/vc_column_text]<div style=\"background-color:;height: 15px\" class=\"nicdark_section  \"><\/div>\n\n    <!--start form-->\n    <div id=\"nd_options_shortcode_cf7_4617\" class=\"nd_options_section \">\n      \n      <div class=\"nd_options_section nd_options_box_sizing_border_box\">\n        \n<div class=\"wpcf7 no-js\" id=\"wpcf7-f4617-o1\" lang=\"ca\" dir=\"ltr\">\n<div class=\"screen-reader-response\"><p role=\"status\" aria-live=\"polite\" aria-atomic=\"true\"><\/p> <ul><\/ul><\/div>\n<form action=\"\/en\/wp-json\/wp\/v2\/pages\/4671#wpcf7-f4617-o1\" method=\"post\" class=\"wpcf7-form init\" aria-label=\"Formulari de contacte\" novalidate=\"novalidate\" data-status=\"init\">\n<input type=\"hidden\" name=\"_wpcf7\" value=\"4617\" \/><input type=\"hidden\" name=\"_wpcf7_version\" value=\"6.1.4\" \/><input type=\"hidden\" name=\"_wpcf7_locale\" value=\"ca\" \/><input type=\"hidden\" name=\"_wpcf7_unit_tag\" value=\"wpcf7-f4617-o1\" \/><input type=\"hidden\" name=\"_wpcf7_container_post\" value=\"0\" \/><input type=\"hidden\" name=\"_wpcf7_posted_data_hash\" value=\"\" \/><input type=\"hidden\" name=\"_wpcf7_recaptcha_response\" value=\"\" \/>\n\n<p><label> Nom i cognom: <span class=\"wpcf7-form-control-wrap\" data-name=\"your-name\"><input size=\"40\" class=\"wpcf7-form-control wpcf7-text wpcf7-validates-as-required\" autocomplete=\"name\" aria-required=\"true\" aria-invalid=\"false\" value=\"\" type=\"text\" name=\"your-name\" \/><\/span> <\/label><br \/>\n<br \/>\n<label> E-mail: <span class=\"wpcf7-form-control-wrap\" data-name=\"your-email\"><input size=\"40\" class=\"wpcf7-form-control wpcf7-email wpcf7-validates-as-required wpcf7-text wpcf7-validates-as-email\" autocomplete=\"email\" aria-required=\"true\" aria-invalid=\"false\" value=\"\" type=\"email\" name=\"your-email\" \/><\/span> <\/label><br \/>\n<br \/>\n<label> Tel\u00e8fon de contacte: <span class=\"wpcf7-form-control-wrap\" data-name=\"tel-963\"><input size=\"40\" class=\"wpcf7-form-control wpcf7-tel wpcf7-validates-as-required wpcf7-text wpcf7-validates-as-tel\" aria-required=\"true\" aria-invalid=\"false\" value=\"\" type=\"tel\" name=\"tel-963\" \/><\/span> <\/label><br \/>\n<br \/>\nIdioma: <span class=\"wpcf7-form-control-wrap\" data-name=\"radio-342\"><span class=\"wpcf7-form-control wpcf7-radio\"><span class=\"wpcf7-list-item first\"><span class=\"wpcf7-list-item-label\">Catal\u00e0<\/span><input type=\"radio\" name=\"radio-342\" value=\"Catal\u00e0\" \/><\/span><span class=\"wpcf7-list-item\"><span class=\"wpcf7-list-item-label\">Espanyol<\/span><input type=\"radio\" name=\"radio-342\" value=\"Espanyol\" \/><\/span><span class=\"wpcf7-list-item\"><span class=\"wpcf7-list-item-label\">Angl\u00e8s<\/span><input type=\"radio\" name=\"radio-342\" value=\"Angl\u00e8s\" \/><\/span><span class=\"wpcf7-list-item\"><span class=\"wpcf7-list-item-label\">Franc\u00e8s<\/span><input type=\"radio\" name=\"radio-342\" value=\"Franc\u00e8s\" \/><\/span><span class=\"wpcf7-list-item last\"><span class=\"wpcf7-list-item-label\">Altre<\/span><input type=\"radio\" name=\"radio-342\" value=\"Altre\" \/><\/span><\/span><\/span><br \/>\n<br \/>\n<label> Nom i cognom de l'infant: <span class=\"wpcf7-form-control-wrap\" data-name=\"text-341\"><input size=\"40\" class=\"wpcf7-form-control wpcf7-text\" aria-invalid=\"false\" value=\"\" type=\"text\" name=\"text-341\" \/><\/span> <\/label><br \/>\n<br \/>\n<label> Data de naixement de l'infant: <span class=\"wpcf7-form-control-wrap\" data-name=\"date-313\"><input class=\"wpcf7-form-control wpcf7-date wpcf7-validates-as-date\" aria-invalid=\"false\" value=\"\" type=\"date\" name=\"date-313\" \/><\/span> <\/label><br \/>\n<br \/>\n<label> Data desitjada d'ingr\u00e9s de l'infant: <span class=\"wpcf7-form-control-wrap\" data-name=\"date-47\"><input class=\"wpcf7-form-control wpcf7-date wpcf7-validates-as-date\" aria-invalid=\"false\" value=\"\" type=\"date\" name=\"date-47\" \/><\/span> <\/label><br \/>\n<br \/>\nCom ens ha conegut? <span class=\"wpcf7-form-control-wrap\" data-name=\"radio-248\"><span class=\"wpcf7-form-control wpcf7-radio\"><span class=\"wpcf7-list-item first\"><span class=\"wpcf7-list-item-label\">Recomendaci\u00f3<\/span><input type=\"radio\" name=\"radio-248\" value=\"Recomendaci\u00f3\" \/><\/span><span class=\"wpcf7-list-item\"><span class=\"wpcf7-list-item-label\">Social Media<\/span><input type=\"radio\" name=\"radio-248\" value=\"Social Media\" \/><\/span><span class=\"wpcf7-list-item\"><span class=\"wpcf7-list-item-label\">Internet<\/span><input type=\"radio\" name=\"radio-248\" value=\"Internet\" \/><\/span><span class=\"wpcf7-list-item last\"><span class=\"wpcf7-list-item-label\">Altres<\/span><input type=\"radio\" name=\"radio-248\" value=\"Altres\" \/><\/span><\/span><\/span><br \/>\n<br \/>\nAccepto rebre comunicaci\u00f3 de l'escola per emiual o WhatsApp sobre esdeveniments, workshops o altres: <span class=\"wpcf7-form-control-wrap\" data-name=\"radio-606\"><span class=\"wpcf7-form-control wpcf7-radio\"><span class=\"wpcf7-list-item first\"><span class=\"wpcf7-list-item-label\">S\u00ed<\/span><input type=\"radio\" name=\"radio-606\" value=\"S\u00ed\" \/><\/span><span class=\"wpcf7-list-item last\"><span class=\"wpcf7-list-item-label\">No<\/span><input type=\"radio\" name=\"radio-606\" value=\"No\" \/><\/span><\/span><\/span><br \/>\n<\/p>\n<p><input class=\"wpcf7-form-control wpcf7-submit has-spinner\" type=\"submit\" value=\"Envia\" \/>\n<\/p><div class=\"wpcf7-response-output\" aria-hidden=\"true\"><\/div>\n<\/form>\n<\/div>\n \n      <\/div>  \n\n    <\/div>\n    <!--end form-->\n\n   <div style=\"background-color:;height: 20px\" class=\"nicdark_section  \"><\/div>[\/vc_column_inner][\/vc_row_inner][\/vc_column][\/vc_row]<\/p>\n","protected":false},"excerpt":{"rendered":"<p>[vc_row full_width=&#8221;stretch_row&#8221; css=&#8221;.vc_custom_1683729917953{background-image: url(https:\/\/kidsinternationalpreschool.com\/wp-content\/uploads\/2023\/05\/04-scaled-1.jpg?id=1979) !important;}&#8221;][vc_column css=&#8221;.vc_custom_1680022291273{padding-top: 40px !important;padding-right: 20px !important;padding-bottom: 40px !important;padding-left: 20px !important;}&#8221;][vc_row_inner][vc_column_inner offset=&#8221;vc_hidden-lg vc_hidden-md vc_hidden-sm&#8221;][\/vc_column_inner][\/vc_row_inner][vc_row_inner][vc_column_inner offset=&#8221;vc_hidden-xs&#8221;][\/vc_column_inner][\/vc_row_inner][vc_row_inner][vc_column_inner width=&#8221;1\/2&#8243; offset=&#8221;vc_hidden-xs&#8221;][vc_single_image image=&#8221;4677&#8243; img_size=&#8221;full&#8221;][\/vc_column_inner][vc_column_inner width=&#8221;1\/2&#8243;][vc_column_text el_class=&#8221;nd_options_text_align_left_responsive&#8221;] KIDS International Preschool Andorra, pioneer in bilingual education in Andorra, is a school for children from 0 to 6 years old, accredited by the International Primary Curriculum (IPC), an educational program [&hellip;]<\/p>\n","protected":false},"author":1,"featured_media":0,"parent":0,"menu_order":0,"comment_status":"closed","ping_status":"closed","template":"","meta":{"footnotes":""},"class_list":["post-4671","page","type-page","status-publish","hentry"],"_links":{"self":[{"href":"https:\/\/kidsinternationalpreschool.com\/en\/wp-json\/wp\/v2\/pages\/4671","targetHints":{"allow":["GET"]}}],"collection":[{"href":"https:\/\/kidsinternationalpreschool.com\/en\/wp-json\/wp\/v2\/pages"}],"about":[{"href":"https:\/\/kidsinternationalpreschool.com\/en\/wp-json\/wp\/v2\/types\/page"}],"author":[{"embeddable":true,"href":"https:\/\/kidsinternationalpreschool.com\/en\/wp-json\/wp\/v2\/users\/1"}],"replies":[{"embeddable":true,"href":"https:\/\/kidsinternationalpreschool.com\/en\/wp-json\/wp\/v2\/comments?post=4671"}],"version-history":[{"count":6,"href":"https:\/\/kidsinternationalpreschool.com\/en\/wp-json\/wp\/v2\/pages\/4671\/revisions"}],"predecessor-version":[{"id":4679,"href":"https:\/\/kidsinternationalpreschool.com\/en\/wp-json\/wp\/v2\/pages\/4671\/revisions\/4679"}],"wp:attachment":[{"href":"https:\/\/kidsinternationalpreschool.com\/en\/wp-json\/wp\/v2\/media?parent=4671"}],"curies":[{"name":"wp","href":"https:\/\/api.w.org\/{rel}","templated":true}]}}