{"id":3154,"date":"2023-09-13T15:13:51","date_gmt":"2023-09-13T15:13:51","guid":{"rendered":"https:\/\/kidsinternationalpreschool.com\/?page_id=3154"},"modified":"2025-11-19T15:29:14","modified_gmt":"2025-11-19T15:29:14","slug":"school-school-kids","status":"publish","type":"page","link":"https:\/\/kidsinternationalpreschool.com\/en\/school-school-kids\/","title":{"rendered":"Holiday Workshops"},"content":{"rendered":"<p>[vc_row full_width=&#8221;stretch_row&#8221; css=&#8221;.vc_custom_1683730151111{background-image: url(https:\/\/kidsinternationalpreschool.com\/wp-content\/uploads\/2023\/05\/04-scaled-1.jpg?id=1979) !important;}&#8221;][vc_column css=&#8221;.vc_custom_1680022291273{padding-top: 40px !important;padding-right: 20px !important;padding-bottom: 40px !important;padding-left: 20px !important;}&#8221;][vc_row_inner][vc_column_inner offset=&#8221;vc_hidden-lg vc_hidden-md vc_hidden-sm&#8221;]<div style=\"background-color:;height: 150px\" class=\"nicdark_section  \"><\/div> <h2 style=\"color:#ffffff;padding:px;text-align:;font-size:30px;line-height:40px;letter-spacing: 0px;font-weight:bold\" class=\"  nd_options_text_align_left_responsive_important nd_options_first_font \">Estiu a KIDS<\/h2>  <h4 style=\"color:#ffffff;padding:px;text-align:;font-size:20px;line-height:25px;letter-spacing: 0px;font-weight:bold\" class=\"  nd_options_text_align_left_responsive_important nd_options_first_font \">Casal d'estiu per a infants de 2,5 a 6 anys<\/h4> <div style=\"background-color:;height: 30px\" class=\"nicdark_section  \"><\/div>[\/vc_column_inner][\/vc_row_inner][vc_row_inner][vc_column_inner offset=&#8221;vc_hidden-xs&#8221;]<div style=\"background-color:;height: 150px\" class=\"nicdark_section  \"><\/div>[\/vc_column_inner][\/vc_row_inner][vc_row_inner][vc_column_inner width=&#8221;1\/2&#8243; offset=&#8221;vc_hidden-xs&#8221;] <h2 style=\"color:#ffffff;padding:px;text-align:;font-size:53px;line-height:60px;letter-spacing: 0px;font-weight:bold\" class=\"  nd_options_text_align_center_responsive_important nd_options_first_font \">Holiday Workshops<\/h2> <div style=\"background-color:;height: 10px\" class=\"nicdark_section  \"><\/div> <h2 style=\"color:#eaeaea;padding:px;text-align:;font-size:32px;line-height:40px;letter-spacing: 0px;font-weight:bold\" class=\"  nd_options_text_align_center_responsive_important nd_options_first_font \">Bilingual holiday workshops in Andorra la Vella for children aged 3 to 6<\/h2> <div style=\"background-color:;height: 20px\" class=\"nicdark_section  \"><\/div>[\/vc_column_inner][vc_column_inner width=&#8221;1\/2&#8243; offset=&#8221;vc_hidden-xs&#8221;][vc_single_image image=&#8221;2165&#8243; img_size=&#8221;400&#215;200&#8243;]<div style=\"background-color:;height: 30px\" class=\"nicdark_section  \"><\/div>[\/vc_column_inner][\/vc_row_inner][vc_row_inner content_placement=&#8221;middle&#8221; gap=&#8221;10&#8243;][vc_column_inner width=&#8221;2\/3&#8243;][vc_column_text el_class=&#8221;nd_options_text_align_left_responsive&#8221;]<\/p>\n<p style=\"font-weight: 400;\">We offer <strong>holiday workshops throughout the year<\/strong> for children aged 3 to 6. Our programs are fun and educational, rooted in our bilingual educational project. Activities are tailored to each age group and seasonal themes, blending creativity, fun, and English learning in a natural way.<\/p>\n<p style=\"font-weight: 400;\">With creative workshops, educational outings, and dynamic activities, children enjoy enriching experiences that stimulate their imagination and develop their skills in a safe, stimulating environment. A perfect combination of fun and learning in Andorra! <strong>And this summer, the KIDS Summer School also includes technology and mathematics!<\/strong><\/p>\n<p style=\"font-weight: 400;\">All activities are conducted in English, with support in Catalan if needed.<\/p>\n<p>[\/vc_column_text]<div style=\"background-color:;height: 20px\" class=\"nicdark_section  \"><\/div>[vc_btn title=&#8221;Admissions and information&#8221; color=&#8221;primary&#8221; i_icon_fontawesome=&#8221;fab fa-whatsapp&#8221; add_icon=&#8221;true&#8221; link=&#8221;url:https%3A%2F%2Fwa.me%2F%2B376620106|target:_blank&#8221;][\/vc_column_inner][vc_column_inner width=&#8221;1\/3&#8243;]<div style=\"background-color:;height: 40px\" class=\"nicdark_section  \"><\/div>[vc_images_carousel images=&#8221;4877,4875,4873&#8243; img_size=&#8221;384&#215;512&#8243; onclick=&#8221;link_no&#8221; speed=&#8221;2000&#8243; autoplay=&#8221;yes&#8221; hide_pagination_control=&#8221;yes&#8221; hide_prev_next_buttons=&#8221;yes&#8221; wrap=&#8221;yes&#8221;][\/vc_column_inner][\/vc_row_inner][\/vc_column][\/vc_row][vc_row full_width=&#8221;stretch_row&#8221; css=&#8221;.vc_custom_1683730053125{background-image: url(https:\/\/kidsinternationalpreschool.com\/wp-content\/uploads\/2023\/05\/04-scaled-1.jpg?id=1979) !important;}&#8221;][vc_column]<div style=\"background-color:;height: 60px\" class=\"nicdark_section  \"><\/div> <h2 style=\"color:#ffffff;padding:px;text-align:;font-size:30px;line-height:35px;letter-spacing: 0px;font-weight:bold\" class=\"  nd_options_text_align_center_responsive_important nd_options_first_font \">Other KIDS services<\/h2> <div style=\"background-color:;height: 40px\" class=\"nicdark_section  \"><\/div>[vc_row_inner content_placement=&#8221;middle&#8221;][vc_column_inner width=&#8221;1\/6&#8243;]\n\n  <!--START FOCUS-->\n  <div class=\"nd_options_section  \">\n                                            \n      <div class=\"nd_options_section nd_options_position_relative\">\n      \n        <img decoding=\"async\" class=\"nd_options_section\" src=\"https:\/\/kidsinternationalpreschool.com\/wp-content\/uploads\/2023\/04\/vacances-quadrat-1024x1024.jpg\">\n\n        <a style=\"background-color:#000\" class=\"nd_options_padding_15_20 nd_options_bottom_20 nd_options_right_0 nd_options_color_white nd_options_position_absolute nd_options_line_height_16 nd_options_font_size_16\" rel=\"\" title=\"\" target=\"_self\" href=\"https:\/\/kidsinternationalpreschool.com\/en\/school-holidays\/\">\n          Holidays\n        <\/a>\n\n      <\/div>\n\n  <\/div>\n  <!--END FOCUS-->\n[\/vc_column_inner][vc_column_inner width=&#8221;1\/6&#8243;]\n\n  <!--START FOCUS-->\n  <div class=\"nd_options_section  \">\n                                            \n      <div class=\"nd_options_section nd_options_position_relative\">\n      \n        <img decoding=\"async\" class=\"nd_options_section\" src=\"https:\/\/kidsinternationalpreschool.com\/wp-content\/uploads\/2024\/12\/2-2-1024x1024.jpg\">\n\n        <a style=\"background-color:#000\" class=\"nd_options_padding_15_20 nd_options_bottom_20 nd_options_right_0 nd_options_color_white nd_options_position_absolute nd_options_line_height_16 nd_options_font_size_16\" rel=\"\" title=\"Holiday Workshops\" target=\"_self\" href=\"https:\/\/kidsinternationalpreschool.com\/en\/school-school-kids\/\">\n          Extra School\n        <\/a>\n\n      <\/div>\n\n  <\/div>\n  <!--END FOCUS-->\n[\/vc_column_inner][vc_column_inner width=&#8221;1\/6&#8243;]\n\n  <!--START FOCUS-->\n  <div class=\"nd_options_section  \">\n                                            \n      <div class=\"nd_options_section nd_options_position_relative\">\n      \n        <img decoding=\"async\" class=\"nd_options_section\" src=\"https:\/\/kidsinternationalpreschool.com\/wp-content\/uploads\/2024\/12\/3-2-1024x1024.jpg\">\n\n        <a style=\"background-color:#000\" class=\"nd_options_padding_15_20 nd_options_bottom_20 nd_options_right_0 nd_options_color_white nd_options_position_absolute nd_options_line_height_16 nd_options_font_size_16\" rel=\"\" title=\"Ludo KIDS\" target=\"_self\" href=\"https:\/\/kidsinternationalpreschool.com\/en\/ludo-kids\/\">\n          Ludoteca\n        <\/a>\n\n      <\/div>\n\n  <\/div>\n  <!--END FOCUS-->\n[\/vc_column_inner][vc_column_inner width=&#8221;1\/6&#8243;]\n\n  <!--START FOCUS-->\n  <div class=\"nd_options_section  \">\n                                            \n      <div class=\"nd_options_section nd_options_position_relative\">\n      \n        <img decoding=\"async\" class=\"nd_options_section\" src=\"https:\/\/kidsinternationalpreschool.com\/wp-content\/uploads\/2024\/12\/4-2-1024x1024.jpg\">\n\n        <a style=\"background-color:#000\" class=\"nd_options_padding_15_20 nd_options_bottom_20 nd_options_right_0 nd_options_color_white nd_options_position_absolute nd_options_line_height_16 nd_options_font_size_16\" rel=\"\" title=\"\" target=\"_self\" href=\"https:\/\/kidsinternationalpreschool.com\/en\/menuts-kids\/\">\n          Menu'ts KIDS\n        <\/a>\n\n      <\/div>\n\n  <\/div>\n  <!--END FOCUS-->\n[\/vc_column_inner][vc_column_inner width=&#8221;1\/6&#8243;]\n\n  <!--START FOCUS-->\n  <div class=\"nd_options_section  \">\n                                            \n      <div class=\"nd_options_section nd_options_position_relative\">\n      \n        <img decoding=\"async\" class=\"nd_options_section\" src=\"https:\/\/kidsinternationalpreschool.com\/wp-content\/uploads\/2024\/12\/5-1-1024x1024.jpg\">\n\n        <a style=\"background-color:#000\" class=\"nd_options_padding_15_20 nd_options_bottom_20 nd_options_right_0 nd_options_color_white nd_options_position_absolute nd_options_line_height_16 nd_options_font_size_16\" rel=\"\" title=\"\" target=\"_self\" href=\"https:\/\/kidsinternationalpreschool.com\/en\/summer-school\/\">\n          Summer School\n        <\/a>\n\n      <\/div>\n\n  <\/div>\n  <!--END FOCUS-->\n[\/vc_column_inner][vc_column_inner width=&#8221;1\/6&#8243;]\n\n  <!--START FOCUS-->\n  <div class=\"nd_options_section  \">\n                                            \n      <div class=\"nd_options_section nd_options_position_relative\">\n      \n        <img decoding=\"async\" class=\"nd_options_section\" src=\"https:\/\/kidsinternationalpreschool.com\/wp-content\/uploads\/2023\/04\/kids-and-us-quadrat-1024x1024.jpg\">\n\n        <a style=\"background-color:#000\" class=\"nd_options_padding_15_20 nd_options_bottom_20 nd_options_right_0 nd_options_color_white nd_options_position_absolute nd_options_line_height_16 nd_options_font_size_16\" rel=\"\" title=\"\" target=\"_self\" href=\"https:\/\/www.kidsandus.es\/ca\">\n          Kids &amp; Us\n        <\/a>\n\n      <\/div>\n\n  <\/div>\n  <!--END FOCUS-->\n[\/vc_column_inner][\/vc_row_inner]<div style=\"background-color:;height: 60px\" class=\"nicdark_section  \"><\/div>[\/vc_column][\/vc_row][vc_row full_width=&#8221;stretch_row&#8221; css=&#8221;.vc_custom_1683730176002{background-color: #14448c !important;background-position: center !important;background-repeat: no-repeat !important;background-size: cover !important;}&#8221;][vc_column][vc_row_inner css=&#8221;.vc_custom_1680184145585{margin-bottom: 40px !important;padding-top: 40px !important;}&#8221;][vc_column_inner width=&#8221;5\/12&#8243; css=&#8221;.vc_custom_1469711023164{padding: 20px !important;}&#8221;] <h2 style=\"color:#fff7f7;padding:px;text-align:;font-size:px;line-height:px;letter-spacing: px;font-weight:bold\" class=\"   nd_options_first_font \">Contacta amb nosaltres<\/h2> <div style=\"background-color:;height: 20px\" class=\"nicdark_section  \"><\/div>[vc_column_text]Per m\u00e9s informaci\u00f3, ens pots fer arribar les teve preguntes mitjan\u00e7ant aquest formulari.<\/p>\n<p>&nbsp;<\/p>\n<p>Carrer Esteve Dolsa Pujal, 14<br \/>\nAD500 Andorra la Vella<\/p>\n<p>Tel. (+376) 807 580<br \/>\ninfo@kidsinternationalpreschool.com[\/vc_column_text][\/vc_column_inner][vc_column_inner width=&#8221;7\/12&#8243; css=&#8221;.vc_custom_1680184097753{padding-bottom: 20px !important;}&#8221;]<div style=\"background-color:;height: 10px\" class=\"nicdark_section  \"><\/div>\n\n    <!--start form-->\n    <div id=\"nd_options_shortcode_cf7_102\" class=\"nd_options_section \">\n      \n      <div class=\"nd_options_section nd_options_box_sizing_border_box\">\n        \n<div class=\"wpcf7 no-js\" id=\"wpcf7-f102-o1\" lang=\"ca\" dir=\"ltr\">\n<div class=\"screen-reader-response\"><p role=\"status\" aria-live=\"polite\" aria-atomic=\"true\"><\/p> <ul><\/ul><\/div>\n<form action=\"\/en\/wp-json\/wp\/v2\/pages\/3154#wpcf7-f102-o1\" method=\"post\" class=\"wpcf7-form init\" aria-label=\"Formulari de contacte\" novalidate=\"novalidate\" data-status=\"init\">\n<input type=\"hidden\" name=\"_wpcf7\" value=\"102\" \/><input type=\"hidden\" name=\"_wpcf7_version\" value=\"6.1.4\" \/><input type=\"hidden\" name=\"_wpcf7_locale\" value=\"ca\" \/><input type=\"hidden\" name=\"_wpcf7_unit_tag\" value=\"wpcf7-f102-o1\" \/><input type=\"hidden\" name=\"_wpcf7_container_post\" value=\"0\" \/><input type=\"hidden\" name=\"_wpcf7_posted_data_hash\" value=\"\" \/><input type=\"hidden\" name=\"_wpcf7_recaptcha_response\" value=\"\" \/>\n\n<p><label> El nom<br \/>\n<span class=\"wpcf7-form-control-wrap\" data-name=\"your-name\"><input size=\"40\" class=\"wpcf7-form-control wpcf7-text wpcf7-validates-as-required\" autocomplete=\"name\" aria-required=\"true\" aria-invalid=\"false\" value=\"\" type=\"text\" name=\"your-name\" \/><\/span> <\/label>\n<\/p>\n<p><label> El correu electr\u00f2nic<br \/>\n<span class=\"wpcf7-form-control-wrap\" data-name=\"your-email\"><input size=\"40\" class=\"wpcf7-form-control wpcf7-email wpcf7-validates-as-required wpcf7-text wpcf7-validates-as-email\" autocomplete=\"email\" aria-required=\"true\" aria-invalid=\"false\" value=\"\" type=\"email\" name=\"your-email\" \/><\/span> <\/label>\n<\/p>\n<p><label> Assumpte<br \/>\n<span class=\"wpcf7-form-control-wrap\" data-name=\"your-subject\"><input size=\"40\" class=\"wpcf7-form-control wpcf7-text wpcf7-validates-as-required\" aria-required=\"true\" aria-invalid=\"false\" value=\"\" type=\"text\" name=\"your-subject\" \/><\/span> <\/label>\n<\/p>\n<p><label> El missatge (opcional)<br \/>\n<span class=\"wpcf7-form-control-wrap\" data-name=\"your-message\"><textarea cols=\"40\" rows=\"10\" class=\"wpcf7-form-control wpcf7-textarea\" aria-invalid=\"false\" name=\"your-message\"><\/textarea><\/span> <\/label>\n<\/p>\n<p><input class=\"wpcf7-form-control wpcf7-submit has-spinner\" type=\"submit\" value=\"Envia\" \/>\n<\/p><div class=\"wpcf7-response-output\" aria-hidden=\"true\"><\/div>\n<\/form>\n<\/div>\n \n      <\/div>  \n\n    <\/div>\n    <!--end form-->\n\n   [\/vc_column_inner][\/vc_row_inner][\/vc_column][\/vc_row]<\/p>\n","protected":false},"excerpt":{"rendered":"<p>[vc_row full_width=&#8221;stretch_row&#8221; css=&#8221;.vc_custom_1683730151111{background-image: url(https:\/\/kidsinternationalpreschool.com\/wp-content\/uploads\/2023\/05\/04-scaled-1.jpg?id=1979) !important;}&#8221;][vc_column css=&#8221;.vc_custom_1680022291273{padding-top: 40px !important;padding-right: 20px !important;padding-bottom: 40px !important;padding-left: 20px !important;}&#8221;][vc_row_inner][vc_column_inner offset=&#8221;vc_hidden-lg vc_hidden-md vc_hidden-sm&#8221;][\/vc_column_inner][\/vc_row_inner][vc_row_inner][vc_column_inner offset=&#8221;vc_hidden-xs&#8221;][\/vc_column_inner][\/vc_row_inner][vc_row_inner][vc_column_inner width=&#8221;1\/2&#8243; offset=&#8221;vc_hidden-xs&#8221;][\/vc_column_inner][vc_column_inner width=&#8221;1\/2&#8243; offset=&#8221;vc_hidden-xs&#8221;][vc_single_image image=&#8221;2165&#8243; img_size=&#8221;400&#215;200&#8243;][\/vc_column_inner][\/vc_row_inner][vc_row_inner content_placement=&#8221;middle&#8221; gap=&#8221;10&#8243;][vc_column_inner width=&#8221;2\/3&#8243;][vc_column_text el_class=&#8221;nd_options_text_align_left_responsive&#8221;] We offer holiday workshops throughout the year for children aged 3 to 6. Our programs are fun and educational, rooted in our bilingual educational project. Activities are [&hellip;]<\/p>\n","protected":false},"author":1,"featured_media":0,"parent":0,"menu_order":0,"comment_status":"closed","ping_status":"closed","template":"","meta":{"footnotes":""},"class_list":["post-3154","page","type-page","status-publish","hentry"],"_links":{"self":[{"href":"https:\/\/kidsinternationalpreschool.com\/en\/wp-json\/wp\/v2\/pages\/3154","targetHints":{"allow":["GET"]}}],"collection":[{"href":"https:\/\/kidsinternationalpreschool.com\/en\/wp-json\/wp\/v2\/pages"}],"about":[{"href":"https:\/\/kidsinternationalpreschool.com\/en\/wp-json\/wp\/v2\/types\/page"}],"author":[{"embeddable":true,"href":"https:\/\/kidsinternationalpreschool.com\/en\/wp-json\/wp\/v2\/users\/1"}],"replies":[{"embeddable":true,"href":"https:\/\/kidsinternationalpreschool.com\/en\/wp-json\/wp\/v2\/comments?post=3154"}],"version-history":[{"count":26,"href":"https:\/\/kidsinternationalpreschool.com\/en\/wp-json\/wp\/v2\/pages\/3154\/revisions"}],"predecessor-version":[{"id":6402,"href":"https:\/\/kidsinternationalpreschool.com\/en\/wp-json\/wp\/v2\/pages\/3154\/revisions\/6402"}],"wp:attachment":[{"href":"https:\/\/kidsinternationalpreschool.com\/en\/wp-json\/wp\/v2\/media?parent=3154"}],"curies":[{"name":"wp","href":"https:\/\/api.w.org\/{rel}","templated":true}]}}