{"id":3001,"date":"2016-06-29T15:23:01","date_gmt":"2016-06-29T15:23:01","guid":{"rendered":"https:\/\/kidsinternationalpreschool.com\/carta-de-presentacio\/"},"modified":"2024-04-17T11:11:44","modified_gmt":"2024-04-17T11:11:44","slug":"presentation-letter","status":"publish","type":"page","link":"https:\/\/kidsinternationalpreschool.com\/en\/presentation-letter\/","title":{"rendered":"Presentation letter"},"content":{"rendered":"<p>[vc_row full_width=&#8221;stretch_row&#8221; css=&#8221;.vc_custom_1691667646494{background-image: url(https:\/\/kidsinternationalpreschool.com\/wp-content\/uploads\/2023\/05\/04-scaled-1.jpg?id=1979) !important;}&#8221;][vc_column css=&#8221;.vc_custom_1680022291273{padding-top: 40px !important;padding-right: 20px !important;padding-bottom: 40px !important;padding-left: 20px !important;}&#8221;][vc_row_inner][vc_column_inner offset=&#8221;vc_hidden-lg vc_hidden-md vc_hidden-sm&#8221;]<div style=\"background-color:;height: 150px\" class=\"nicdark_section  \"><\/div> <h2 style=\"color:#ffffff;padding:px;text-align:;font-size:35px;line-height:40px;letter-spacing: 0px;font-weight:bold\" class=\"  nd_options_text_align_left_responsive_important nd_options_first_font \">Kindergarten founded in 2001<\/h2> <div style=\"background-color:;height: 20px\" class=\"nicdark_section  \"><\/div> <h2 style=\"color:#eaeaea;padding:px;text-align:;font-size:20px;line-height:30px;letter-spacing: 0px;font-weight:bold\" class=\"  nd_options_text_align_left_responsive_important nd_options_first_font \">Certified with IPC (International Preschool Curriculum) and official partners of Lego Robotix.<\/h2> <div style=\"background-color:;height: 40px\" class=\"nicdark_section  \"><\/div>[\/vc_column_inner][\/vc_row_inner][vc_row_inner][vc_column_inner offset=&#8221;vc_hidden-xs&#8221;]<div style=\"background-color:;height: 150px\" class=\"nicdark_section  \"><\/div>[\/vc_column_inner][\/vc_row_inner][vc_row_inner][vc_column_inner width=&#8221;1\/2&#8243; offset=&#8221;vc_hidden-xs&#8221;] <h2 style=\"color:#fff7f7;padding:px;text-align:right;font-size:40px;line-height:50px;letter-spacing: px;font-weight:bold\" class=\"   nd_options_first_font \">Presentation letter from the Management<\/h2> <div style=\"background-color:;height: 20px\" class=\"nicdark_section  \"><\/div> <h2 style=\"color:#bab4b4;padding:px;text-align:right;font-size:25px;line-height:35px;letter-spacing: px;font-weight:bold\" class=\"   nd_options_first_font \">From my career in the teaching world, I am aware of the responsibility of leading a school project.<\/h2> [\/vc_column_inner][vc_column_inner width=&#8221;1\/2&#8243; offset=&#8221;vc_hidden-xs&#8221;][vc_single_image image=&#8221;2144&#8243; img_size=&#8221;full&#8221;]<div style=\"background-color:;height: 60px\" class=\"nicdark_section  \"><\/div>[\/vc_column_inner][\/vc_row_inner][vc_row_inner][vc_column_inner][vc_column_text]At Kids Andorra International Preschool we are very aware that it is through what you live and experience that you learn. For this reason, our educational project is oriented towards student-centered learning, giving maximum relevance to emotional education, since emotions are the main entrance to learning. We know that neural activation is strengthened when a child feels loved and stimulated, emotion and cognition are constantly working within the brain to guide learning. When you learn the most is when you feel that what you do makes you grow and has fun.<\/p>\n<p>Kids Andorra International Preschool wants to be a continuation of the family, offering a comfortable and stimulating environment where values, creativity and affection are the backbone of our project. That our students are happy learning to live and coexist, preparing them for life.<\/p>\n<p>The essence of a school is shaped by students, families and the school team. School is all the people who make important things happen in it that would not happen without a human, committed, dedicated educational team, trained in Early Childhood Education, ready to develop all the children&#8217;s abilities, without forgetting the most important , learning through individualized attention and affection.<\/p>\n<p>With 20 years of experience and with the conviction that we have been fulfilling our educational task well, we look to each other to guide us to continue year after year to seek continuous improvement in order to keep looking for new proposals, methodologies that lead us to keep moving forward.<\/p>\n<p>I welcome you, happy to be able to share this first educational stage with you, who have chosen to be part of this particular family at Kids Andorra International Preschool, we will walk together in this fascinating and important educational stage.<\/p>\n<p>Hello,<\/p>\n<p>Neus Juliench<\/p>\n<p>[\/vc_column_text]<div style=\"background-color:;height: 40px\" class=\"nicdark_section  \"><\/div>[\/vc_column_inner][\/vc_row_inner][\/vc_column][\/vc_row][vc_row full_width=&#8221;stretch_row_content_no_spaces&#8221;][vc_column offset=&#8221;vc_hidden-lg vc_hidden-md vc_hidden-sm&#8221;][vc_single_image image=&#8221;2144&#8243; img_size=&#8221;full&#8221;][\/vc_column][\/vc_row][vc_row full_width=&#8221;stretch_row&#8221; parallax=&#8221;content-moving&#8221; parallax_image=&#8221;301&#8243; disable_element=&#8221;yes&#8221; css=&#8221;.vc_custom_1713352290418{padding-top: 50px !important;padding-bottom: 50px !important;}&#8221; el_class=&#8221;nd_options_vc_parallax_filter_2_2&#8243;][vc_column][vc_row_inner][vc_column_inner width=&#8221;1\/2&#8243;]\n\n\n    <div class=\"nd_options_section nd_options_position_relative \">\n        <a rel=\"\" href=\"http:\/\/www.nicdarkthemes.com\/themes\/education\/wp\/demo\/food\/services\/\"><img decoding=\"async\" alt=\"\" class=\"nd_options_position_absolute nd_options_left_0\" width=\"50\" src=\"https:\/\/kidsinternationalpreschool.com\/wp-content\/uploads\/2016\/08\/service-color1.png\"><\/a>\n        <div class=\"nd_options_section nd_options_padding_left_70 nd_options_box_sizing_border_box\">\n            <a rel=\"\" href=\"http:\/\/www.nicdarkthemes.com\/themes\/education\/wp\/demo\/food\/services\/\"><h2 style=\"color:#000000\"><strong>Admission process<\/strong><\/h2><\/a>\n            <div class=\"nd_options_section nd_options_height_20\"><\/div>\n            <p style=\"color:#ffffff\" class=\"\">Gr\u00e0cies per considerar Kids International Preschool com a opci\u00f3 educativa pel vostre fill(a). Estem a la vostra disposici\u00f3 per a visites presencials i virtuals. Acceptem matriculacions a qualsevol \u00e8poca del l\u2019any, sempre tenint en compte la capacitat m\u00e0xima de cada aula.<\/p>\n        <\/div>\n    <\/div>\n\n\n  <div style=\"background-color:;height: 50px\" class=\"nicdark_section  \"><\/div>[\/vc_column_inner][vc_column_inner width=&#8221;1\/2&#8243;]\n\n\n    <div class=\"nd_options_section nd_options_position_relative \">\n        <a rel=\"\" href=\"http:\/\/www.nicdarkthemes.com\/themes\/education\/wp\/demo\/food\/services\/\"><img decoding=\"async\" alt=\"\" class=\"nd_options_position_absolute nd_options_left_0\" width=\"50\" src=\"https:\/\/kidsinternationalpreschool.com\/wp-content\/uploads\/2016\/08\/service-color2.png\"><\/a>\n        <div class=\"nd_options_section nd_options_padding_left_70 nd_options_box_sizing_border_box\">\n            <a rel=\"\" href=\"http:\/\/www.nicdarkthemes.com\/themes\/education\/wp\/demo\/food\/services\/\"><h2 style=\"color:#000000\"><strong>Enrollment and registrations<\/strong><\/h2><\/a>\n            <div class=\"nd_options_section nd_options_height_20\"><\/div>\n            <p style=\"color:#ffffff\" class=\"\">Per matricular i inscriure el vostre fill\/a, si us plau, descarregueu i ompliu el formulari. Despr\u00e9s, envieu-lo a info@kidsinternationalpreschool.com Com a opcional, podeu adjuntar una foto mida carnet (4\u00d74) de l'infant.<\/p>\n        <\/div>\n    <\/div>\n\n\n  <div style=\"background-color:;height: 50px\" class=\"nicdark_section  \"><\/div>[\/vc_column_inner][\/vc_row_inner][vc_btn title=&#8221;Download the registration form&#8221; style=&#8221;outline-custom&#8221; outline_custom_color=&#8221;#ffffff&#8221; outline_custom_hover_background=&#8221;#dd9933&#8243; outline_custom_hover_text=&#8221;#ffffff&#8221; size=&#8221;lg&#8221; align=&#8221;center&#8221; link=&#8221;url:https%3A%2F%2Fdrive.google.com%2Ffile%2Fd%2F1dSdf76uwQK4H4CBkl_D9YVreV97WbH2v%2Fview|target:_blank|&#8221;][\/vc_column][\/vc_row]<\/p>\n","protected":false},"excerpt":{"rendered":"<p>[vc_row full_width=&#8221;stretch_row&#8221; css=&#8221;.vc_custom_1691667646494{background-image: url(https:\/\/kidsinternationalpreschool.com\/wp-content\/uploads\/2023\/05\/04-scaled-1.jpg?id=1979) !important;}&#8221;][vc_column css=&#8221;.vc_custom_1680022291273{padding-top: 40px !important;padding-right: 20px !important;padding-bottom: 40px !important;padding-left: 20px !important;}&#8221;][vc_row_inner][vc_column_inner offset=&#8221;vc_hidden-lg vc_hidden-md vc_hidden-sm&#8221;][\/vc_column_inner][\/vc_row_inner][vc_row_inner][vc_column_inner offset=&#8221;vc_hidden-xs&#8221;][\/vc_column_inner][\/vc_row_inner][vc_row_inner][vc_column_inner width=&#8221;1\/2&#8243; offset=&#8221;vc_hidden-xs&#8221;][\/vc_column_inner][vc_column_inner width=&#8221;1\/2&#8243; offset=&#8221;vc_hidden-xs&#8221;][vc_single_image image=&#8221;2144&#8243; img_size=&#8221;full&#8221;][\/vc_column_inner][\/vc_row_inner][vc_row_inner][vc_column_inner][vc_column_text]At Kids Andorra International Preschool we are very aware that it is through what you live and experience that you learn. For this reason, our educational project is oriented towards student-centered learning, [&hellip;]<\/p>\n","protected":false},"author":1,"featured_media":0,"parent":0,"menu_order":0,"comment_status":"closed","ping_status":"closed","template":"","meta":{"footnotes":""},"class_list":["post-3001","page","type-page","status-publish","hentry"],"_links":{"self":[{"href":"https:\/\/kidsinternationalpreschool.com\/en\/wp-json\/wp\/v2\/pages\/3001","targetHints":{"allow":["GET"]}}],"collection":[{"href":"https:\/\/kidsinternationalpreschool.com\/en\/wp-json\/wp\/v2\/pages"}],"about":[{"href":"https:\/\/kidsinternationalpreschool.com\/en\/wp-json\/wp\/v2\/types\/page"}],"author":[{"embeddable":true,"href":"https:\/\/kidsinternationalpreschool.com\/en\/wp-json\/wp\/v2\/users\/1"}],"replies":[{"embeddable":true,"href":"https:\/\/kidsinternationalpreschool.com\/en\/wp-json\/wp\/v2\/comments?post=3001"}],"version-history":[{"count":5,"href":"https:\/\/kidsinternationalpreschool.com\/en\/wp-json\/wp\/v2\/pages\/3001\/revisions"}],"predecessor-version":[{"id":4036,"href":"https:\/\/kidsinternationalpreschool.com\/en\/wp-json\/wp\/v2\/pages\/3001\/revisions\/4036"}],"wp:attachment":[{"href":"https:\/\/kidsinternationalpreschool.com\/en\/wp-json\/wp\/v2\/media?parent=3001"}],"curies":[{"name":"wp","href":"https:\/\/api.w.org\/{rel}","templated":true}]}}